{"id":26,"date":"2021-07-20T14:17:17","date_gmt":"2021-07-20T12:17:17","guid":{"rendered":"https:\/\/isomeca72.fr\/?page_id=26"},"modified":"2026-02-05T10:38:45","modified_gmt":"2026-02-05T08:38:45","slug":"notre-savoir-faire","status":"publish","type":"page","link":"https:\/\/isomeca72.fr\/index.php\/notre-savoir-faire\/","title":{"rendered":"Notre savoir faire"},"content":{"rendered":"<h4>MATIERES TRAVAILLEES<\/h4>\n<p>Acier, cuivre, inox, alu, plastique, inconel<\/p>\n<h4>PRINCIPAUX EQUIPEMENTS<\/h4>\n<p><b>FRAISAGE<br \/>\n<\/b>&#8211; <b>CU DMG-MORI 5 axes<\/b> \u2013 500x450x400 avec\u00a0robot chargement 20 palettes<br \/>\n&#8211; <b>CU QUASER MV204 CPL<\/b> -1350x650x650 +4\u00e8me\u00a0axe Nikken<br \/>\n&#8211; <b>CU QUASER MV204 CPL<\/b>-1350x650x650 +5\u00e8me\u00a0axe Tsudakoma<br \/>\n&#8211; <b>Fraiseuse traditionnelle DUFOUR<\/b> &#8211; Visues 3\u00a0axes<\/p>\n<p><b><img loading=\"lazy\" decoding=\"async\" src=\"https:\/\/isomeca72.fr\/wp-content\/uploads\/2021\/07\/DMU50-300x200.png\" alt=\"\" width=\"300\" height=\"200\" \/><\/b><\/p>\n<p><b>TOURNAGE<br \/>\n<\/b>&#8211; Tour <b>CN CMZ TA30-1100<\/b>-Axe C+axe Y\u00d8350&#215;1100<br \/>\n&#8211; Tour <b>CN BIGLIA B301YS<\/b> bi-broches + axe C +\u00a0axe Y<br \/>\n&#8211; Tour <b>CN DEAWOO PUMA 250 M<\/b><br \/>\n&#8211; Tour <b>QT200 MSY avec Embarreur IEMCA <img loading=\"lazy\" decoding=\"async\" class=\"alignnone  wp-image-258\" src=\"https:\/\/isomeca72.fr\/wp-content\/uploads\/2026\/02\/new-sticker-png-transparent-png-e1770131318393.png\" alt=\"\" width=\"36\" height=\"21\" \/><\/b><br \/>\n&#8211; Tour conventionnel <b>SCHAUBLIN<\/b> (visues 2\u00a0axes)<\/p>\n<p><b><img loading=\"lazy\" decoding=\"async\" src=\"https:\/\/isomeca72.fr\/wp-content\/uploads\/2021\/07\/cmz-ta-20-y-400-300x300.jpg\" alt=\"\" width=\"233\" height=\"233\" \/><\/b><\/p>\n<p><b>EROSION<br \/>\n<\/b>&#8211; <b>MITSUBISHI BA 24 <\/b>\u2013 600x400x300<\/p>\n<p><b>SCIAGE<br \/>\n<\/b>&#8211; Scie automatique <b>MISSLER DEB 410 CE<\/b> (cap\u00a0400 mm)<\/p>\n<p><b>CONTR\u00d4LE<br \/>\n<\/b>&#8211; Tridimensitionnelle <b>TESA Micro Hite 3D<\/b><br \/>\n&#8211; Tridimentionnelle \u00e0 sonde portative <b>KEYENCE\u00a0<\/b><b>s\u00e9rie XM<\/b><br \/>\n&#8211; Colonnes de mesure, rugosim\u00e8tres<br \/>\n&#8211;\u00a0Al\u00e9som\u00e8tres, tampons, calibres\u2026<\/p>\n<p><b>EQUIPEMENTS INFORMATIQUES<br \/>\n<\/b>&#8211; CFAO <b>MASTERCAM<\/b><br \/>\n&#8211; Logiciel compta-gestion <b>EBP<\/b><\/p>\n<p><b>MANUTENTION ET LEVAGE<br \/>\n<\/b>&#8211; Chariot \u00e9l\u00e9vateur 2.5 T<\/p>\n<figure><img decoding=\"async\" src=\"https:\/\/isomeca72.fr\/wp-content\/uploads\/2021\/07\/pagesavoirfaire-300x98.png\" alt=\"pagesavoirfaire\" \/><\/figure>\n<figure><img decoding=\"async\" src=\"https:\/\/isomeca72.fr\/wp-content\/uploads\/2021\/07\/72376282_115914546484321_6316675369357279232_n-271x300.jpg\" alt=\"72376282_115914546484321_6316675369357279232_n\" \/><\/figure>\n<figure><img decoding=\"async\" src=\"https:\/\/isomeca72.fr\/wp-content\/uploads\/2021\/07\/72250037_115914719817637_7155103752049917952_n-300x169.jpg\" alt=\"72250037_115914719817637_7155103752049917952_n\" \/><\/figure>\n<figure><img decoding=\"async\" src=\"https:\/\/isomeca72.fr\/wp-content\/uploads\/2021\/07\/71880007_115915509817558_6111359680452231168_n-300x225.jpg\" alt=\"71880007_115915509817558_6111359680452231168_n\" \/><\/figure>\n<figure><img decoding=\"async\" src=\"https:\/\/isomeca72.fr\/wp-content\/uploads\/2021\/07\/72396031_115915443150898_7417867922778882048_n-225x300.jpg\" alt=\"72396031_115915443150898_7417867922778882048_n\" \/><\/figure>\n<figure><img decoding=\"async\" src=\"https:\/\/isomeca72.fr\/wp-content\/uploads\/2021\/07\/72220178_115915356484240_7224651392969867264_n-300x169.jpg\" alt=\"72220178_115915356484240_7224651392969867264_n\" \/><\/figure>\n<p>Pr\u00e9c\u00e9dent<br \/>\nSuivant<\/p>\n","protected":false},"excerpt":{"rendered":"<p>MATIERES TRAVAILLEES Acier, cuivre, inox, alu, plastique, inconel PRINCIPAUX EQUIPEMENTS FRAISAGE &#8211; CU DMG-MORI 5 axes \u2013 500x450x400 avec\u00a0robot chargement 20 palettes &#8211; CU QUASER MV204 CPL -1350x650x650 +4\u00e8me\u00a0axe Nikken &#8211; CU QUASER MV204 CPL-1350x650x650 +5\u00e8me\u00a0axe Tsudakoma &#8211; Fraiseuse traditionnelle DUFOUR &#8211; Visues 3\u00a0axes TOURNAGE &#8211; Tour CN CMZ TA30-1100-Axe C+axe Y\u00d8350&#215;1100 &#8211; Tour CN [&hellip;]<\/p>\n","protected":false},"author":1,"featured_media":80,"parent":0,"menu_order":0,"comment_status":"closed","ping_status":"closed","template":"","meta":{"_monsterinsights_skip_tracking":false,"_monsterinsights_sitenote_active":false,"_monsterinsights_sitenote_note":"","_monsterinsights_sitenote_category":0,"footnotes":""},"class_list":["post-26","page","type-page","status-publish","has-post-thumbnail","hentry"],"yoast_head":"<!-- This site is optimized with the Yoast SEO plugin v27.5 - https:\/\/yoast.com\/product\/yoast-seo-wordpress\/ -->\n<title>Notre savoir faire - isom\u00e9ca<\/title>\n<meta name=\"description\" content=\"L&#039;entreprise ISOMECA est sp\u00e9cialis\u00e9e dans le tournage, fraisage, d\u00e9coupe-fil, brochage et rectification plane\u2026 Elle dispose d\u2019une dizaine de centres d\u2019usinage.\" \/>\n<meta name=\"robots\" content=\"index, follow, max-snippet:-1, max-image-preview:large, max-video-preview:-1\" \/>\n<link rel=\"canonical\" href=\"https:\/\/isomeca72.fr\/index.php\/notre-savoir-faire\/\" \/>\n<meta property=\"og:locale\" content=\"fr_FR\" \/>\n<meta property=\"og:type\" content=\"article\" \/>\n<meta property=\"og:title\" content=\"Notre savoir faire - isom\u00e9ca\" \/>\n<meta property=\"og:description\" content=\"L&#039;entreprise ISOMECA est sp\u00e9cialis\u00e9e dans le tournage, fraisage, d\u00e9coupe-fil, brochage et rectification plane\u2026 Elle dispose d\u2019une dizaine de centres d\u2019usinage.\" \/>\n<meta property=\"og:url\" content=\"https:\/\/isomeca72.fr\/index.php\/notre-savoir-faire\/\" \/>\n<meta property=\"og:site_name\" content=\"isom\u00e9ca\" \/>\n<meta property=\"article:modified_time\" content=\"2026-02-05T08:38:45+00:00\" \/>\n<meta property=\"og:image\" content=\"https:\/\/isomeca72.fr\/wp-content\/uploads\/2021\/07\/pagesavoirfaire.png\" \/>\n\t<meta property=\"og:image:width\" content=\"1506\" \/>\n\t<meta property=\"og:image:height\" content=\"494\" \/>\n\t<meta property=\"og:image:type\" content=\"image\/png\" \/>\n<meta name=\"twitter:card\" content=\"summary_large_image\" \/>\n<meta name=\"twitter:label1\" content=\"Dur\u00e9e de lecture estim\u00e9e\" \/>\n\t<meta name=\"twitter:data1\" content=\"3 minutes\" \/>\n<script type=\"application\/ld+json\" class=\"yoast-schema-graph\">{\"@context\":\"https:\\\/\\\/schema.org\",\"@graph\":[{\"@type\":\"WebPage\",\"@id\":\"https:\\\/\\\/isomeca72.fr\\\/index.php\\\/notre-savoir-faire\\\/\",\"url\":\"https:\\\/\\\/isomeca72.fr\\\/index.php\\\/notre-savoir-faire\\\/\",\"name\":\"Notre savoir faire - isom\u00e9ca\",\"isPartOf\":{\"@id\":\"https:\\\/\\\/isomeca72.fr\\\/#website\"},\"primaryImageOfPage\":{\"@id\":\"https:\\\/\\\/isomeca72.fr\\\/index.php\\\/notre-savoir-faire\\\/#primaryimage\"},\"image\":{\"@id\":\"https:\\\/\\\/isomeca72.fr\\\/index.php\\\/notre-savoir-faire\\\/#primaryimage\"},\"thumbnailUrl\":\"https:\\\/\\\/isomeca72.fr\\\/wp-content\\\/uploads\\\/2021\\\/07\\\/pagesavoirfaire.png\",\"datePublished\":\"2021-07-20T12:17:17+00:00\",\"dateModified\":\"2026-02-05T08:38:45+00:00\",\"description\":\"L'entreprise ISOMECA est sp\u00e9cialis\u00e9e dans le tournage, fraisage, d\u00e9coupe-fil, brochage et rectification plane\u2026 Elle dispose d\u2019une dizaine de centres d\u2019usinage.\",\"breadcrumb\":{\"@id\":\"https:\\\/\\\/isomeca72.fr\\\/index.php\\\/notre-savoir-faire\\\/#breadcrumb\"},\"inLanguage\":\"fr-FR\",\"potentialAction\":[{\"@type\":\"ReadAction\",\"target\":[\"https:\\\/\\\/isomeca72.fr\\\/index.php\\\/notre-savoir-faire\\\/\"]}]},{\"@type\":\"ImageObject\",\"inLanguage\":\"fr-FR\",\"@id\":\"https:\\\/\\\/isomeca72.fr\\\/index.php\\\/notre-savoir-faire\\\/#primaryimage\",\"url\":\"https:\\\/\\\/isomeca72.fr\\\/wp-content\\\/uploads\\\/2021\\\/07\\\/pagesavoirfaire.png\",\"contentUrl\":\"https:\\\/\\\/isomeca72.fr\\\/wp-content\\\/uploads\\\/2021\\\/07\\\/pagesavoirfaire.png\",\"width\":1506,\"height\":494},{\"@type\":\"BreadcrumbList\",\"@id\":\"https:\\\/\\\/isomeca72.fr\\\/index.php\\\/notre-savoir-faire\\\/#breadcrumb\",\"itemListElement\":[{\"@type\":\"ListItem\",\"position\":1,\"name\":\"Accueil\",\"item\":\"https:\\\/\\\/isomeca72.fr\\\/\"},{\"@type\":\"ListItem\",\"position\":2,\"name\":\"Notre savoir faire\"}]},{\"@type\":\"WebSite\",\"@id\":\"https:\\\/\\\/isomeca72.fr\\\/#website\",\"url\":\"https:\\\/\\\/isomeca72.fr\\\/\",\"name\":\"isom\u00e9ca\",\"description\":\"M\u00e9canique de pr\u00e9cision\",\"publisher\":{\"@id\":\"https:\\\/\\\/isomeca72.fr\\\/#organization\"},\"potentialAction\":[{\"@type\":\"SearchAction\",\"target\":{\"@type\":\"EntryPoint\",\"urlTemplate\":\"https:\\\/\\\/isomeca72.fr\\\/?s={search_term_string}\"},\"query-input\":{\"@type\":\"PropertyValueSpecification\",\"valueRequired\":true,\"valueName\":\"search_term_string\"}}],\"inLanguage\":\"fr-FR\"},{\"@type\":\"Organization\",\"@id\":\"https:\\\/\\\/isomeca72.fr\\\/#organization\",\"name\":\"isom\u00e9ca\",\"url\":\"https:\\\/\\\/isomeca72.fr\\\/\",\"logo\":{\"@type\":\"ImageObject\",\"inLanguage\":\"fr-FR\",\"@id\":\"https:\\\/\\\/isomeca72.fr\\\/#\\\/schema\\\/logo\\\/image\\\/\",\"url\":\"https:\\\/\\\/isomeca72.fr\\\/wp-content\\\/uploads\\\/2026\\\/02\\\/Fichier-2.png\",\"contentUrl\":\"https:\\\/\\\/isomeca72.fr\\\/wp-content\\\/uploads\\\/2026\\\/02\\\/Fichier-2.png\",\"width\":831,\"height\":252,\"caption\":\"isom\u00e9ca\"},\"image\":{\"@id\":\"https:\\\/\\\/isomeca72.fr\\\/#\\\/schema\\\/logo\\\/image\\\/\"}}]}<\/script>\n<!-- \/ Yoast SEO plugin. -->","yoast_head_json":{"title":"Notre savoir faire - isom\u00e9ca","description":"L'entreprise ISOMECA est sp\u00e9cialis\u00e9e dans le tournage, fraisage, d\u00e9coupe-fil, brochage et rectification plane\u2026 Elle dispose d\u2019une dizaine de centres d\u2019usinage.","robots":{"index":"index","follow":"follow","max-snippet":"max-snippet:-1","max-image-preview":"max-image-preview:large","max-video-preview":"max-video-preview:-1"},"canonical":"https:\/\/isomeca72.fr\/index.php\/notre-savoir-faire\/","og_locale":"fr_FR","og_type":"article","og_title":"Notre savoir faire - isom\u00e9ca","og_description":"L'entreprise ISOMECA est sp\u00e9cialis\u00e9e dans le tournage, fraisage, d\u00e9coupe-fil, brochage et rectification plane\u2026 Elle dispose d\u2019une dizaine de centres d\u2019usinage.","og_url":"https:\/\/isomeca72.fr\/index.php\/notre-savoir-faire\/","og_site_name":"isom\u00e9ca","article_modified_time":"2026-02-05T08:38:45+00:00","og_image":[{"width":1506,"height":494,"url":"https:\/\/isomeca72.fr\/wp-content\/uploads\/2021\/07\/pagesavoirfaire.png","type":"image\/png"}],"twitter_card":"summary_large_image","twitter_misc":{"Dur\u00e9e de lecture estim\u00e9e":"3 minutes"},"schema":{"@context":"https:\/\/schema.org","@graph":[{"@type":"WebPage","@id":"https:\/\/isomeca72.fr\/index.php\/notre-savoir-faire\/","url":"https:\/\/isomeca72.fr\/index.php\/notre-savoir-faire\/","name":"Notre savoir faire - isom\u00e9ca","isPartOf":{"@id":"https:\/\/isomeca72.fr\/#website"},"primaryImageOfPage":{"@id":"https:\/\/isomeca72.fr\/index.php\/notre-savoir-faire\/#primaryimage"},"image":{"@id":"https:\/\/isomeca72.fr\/index.php\/notre-savoir-faire\/#primaryimage"},"thumbnailUrl":"https:\/\/isomeca72.fr\/wp-content\/uploads\/2021\/07\/pagesavoirfaire.png","datePublished":"2021-07-20T12:17:17+00:00","dateModified":"2026-02-05T08:38:45+00:00","description":"L'entreprise ISOMECA est sp\u00e9cialis\u00e9e dans le tournage, fraisage, d\u00e9coupe-fil, brochage et rectification plane\u2026 Elle dispose d\u2019une dizaine de centres d\u2019usinage.","breadcrumb":{"@id":"https:\/\/isomeca72.fr\/index.php\/notre-savoir-faire\/#breadcrumb"},"inLanguage":"fr-FR","potentialAction":[{"@type":"ReadAction","target":["https:\/\/isomeca72.fr\/index.php\/notre-savoir-faire\/"]}]},{"@type":"ImageObject","inLanguage":"fr-FR","@id":"https:\/\/isomeca72.fr\/index.php\/notre-savoir-faire\/#primaryimage","url":"https:\/\/isomeca72.fr\/wp-content\/uploads\/2021\/07\/pagesavoirfaire.png","contentUrl":"https:\/\/isomeca72.fr\/wp-content\/uploads\/2021\/07\/pagesavoirfaire.png","width":1506,"height":494},{"@type":"BreadcrumbList","@id":"https:\/\/isomeca72.fr\/index.php\/notre-savoir-faire\/#breadcrumb","itemListElement":[{"@type":"ListItem","position":1,"name":"Accueil","item":"https:\/\/isomeca72.fr\/"},{"@type":"ListItem","position":2,"name":"Notre savoir faire"}]},{"@type":"WebSite","@id":"https:\/\/isomeca72.fr\/#website","url":"https:\/\/isomeca72.fr\/","name":"isom\u00e9ca","description":"M\u00e9canique de pr\u00e9cision","publisher":{"@id":"https:\/\/isomeca72.fr\/#organization"},"potentialAction":[{"@type":"SearchAction","target":{"@type":"EntryPoint","urlTemplate":"https:\/\/isomeca72.fr\/?s={search_term_string}"},"query-input":{"@type":"PropertyValueSpecification","valueRequired":true,"valueName":"search_term_string"}}],"inLanguage":"fr-FR"},{"@type":"Organization","@id":"https:\/\/isomeca72.fr\/#organization","name":"isom\u00e9ca","url":"https:\/\/isomeca72.fr\/","logo":{"@type":"ImageObject","inLanguage":"fr-FR","@id":"https:\/\/isomeca72.fr\/#\/schema\/logo\/image\/","url":"https:\/\/isomeca72.fr\/wp-content\/uploads\/2026\/02\/Fichier-2.png","contentUrl":"https:\/\/isomeca72.fr\/wp-content\/uploads\/2026\/02\/Fichier-2.png","width":831,"height":252,"caption":"isom\u00e9ca"},"image":{"@id":"https:\/\/isomeca72.fr\/#\/schema\/logo\/image\/"}}]}},"_links":{"self":[{"href":"https:\/\/isomeca72.fr\/index.php\/wp-json\/wp\/v2\/pages\/26","targetHints":{"allow":["GET"]}}],"collection":[{"href":"https:\/\/isomeca72.fr\/index.php\/wp-json\/wp\/v2\/pages"}],"about":[{"href":"https:\/\/isomeca72.fr\/index.php\/wp-json\/wp\/v2\/types\/page"}],"author":[{"embeddable":true,"href":"https:\/\/isomeca72.fr\/index.php\/wp-json\/wp\/v2\/users\/1"}],"replies":[{"embeddable":true,"href":"https:\/\/isomeca72.fr\/index.php\/wp-json\/wp\/v2\/comments?post=26"}],"version-history":[{"count":44,"href":"https:\/\/isomeca72.fr\/index.php\/wp-json\/wp\/v2\/pages\/26\/revisions"}],"predecessor-version":[{"id":270,"href":"https:\/\/isomeca72.fr\/index.php\/wp-json\/wp\/v2\/pages\/26\/revisions\/270"}],"wp:featuredmedia":[{"embeddable":true,"href":"https:\/\/isomeca72.fr\/index.php\/wp-json\/wp\/v2\/media\/80"}],"wp:attachment":[{"href":"https:\/\/isomeca72.fr\/index.php\/wp-json\/wp\/v2\/media?parent=26"}],"curies":[{"name":"wp","href":"https:\/\/api.w.org\/{rel}","templated":true}]}}