{"id":191,"date":"2022-11-07T13:41:29","date_gmt":"2022-11-07T11:41:29","guid":{"rendered":"https:\/\/isomeca72.fr\/?page_id=191"},"modified":"2026-02-03T17:20:27","modified_gmt":"2026-02-03T15:20:27","slug":"qualite","status":"publish","type":"page","link":"https:\/\/isomeca72.fr\/index.php\/qualite\/","title":{"rendered":"Qualit\u00e9"},"content":{"rendered":"\n<p><strong>ISOMECA<\/strong> a toujours recherch\u00e9 la satisfaction de ses clients \u00e0 travers la qualit\u00e9 de ses produits et de ses prestations.<\/p>\n\n\n\n<p>Du fait de l\u2019\u00e9volution des march\u00e9s et des exigences, notre soci\u00e9t\u00e9 s\u2019est &nbsp;d\u00e9velopp\u00e9e de mani\u00e8re durable et constructive.<\/p>\n\n\n\n<p>Nous garantissons la satisfaction de nos clients gr\u00e2ce \u00e0 des produits et des services adapt\u00e9s \u00e0 leurs besoins.<\/p>\n\n\n\n<p>Notre d\u00e9marche qualit\u00e9 s\u2019inscrit dans l\u2019am\u00e9lioration continue de notre Syst\u00e8me de Management de la Qualit\u00e9, construit sur le mod\u00e8le ISO 9001.<\/p>\n\n\n\n<p>Notre syst\u00e8me s\u2019appuie sur une base documentaire respectant les exigences de la norme (Manuel Qualit\u00e9, Proc\u00e9dures, Instructions, Enregistrements, etc..).<\/p>\n\n\n\n<p>Pour p\u00e9renniser cette d\u00e9marche, et atteindre nos objectifs Qualit\u00e9, notre strat\u00e9gie s\u2019appuie sur des indicateurs Qualit\u00e9 qui sont analys\u00e9s lors de r\u00e9unions qualit\u00e9s.<\/p>\n\n\n\n<p>Nos principaux axes d\u2019am\u00e9lioration strat\u00e9giques:<\/p>\n\n\n\n<ul class=\"wp-block-list\">\n<li>Un Syst\u00e8me de Management de la Qualit\u00e9 s\u2019appuyant sur l\u2019ISO 9001 et en \u00e9volution continu.<\/li>\n\n\n\n<li>L\u2019Assurance de la tra\u00e7abilit\u00e9 selon les exigences de la norme.<\/li>\n\n\n\n<li>L\u2019Am\u00e9lioration continu du service au client, de notre r\u00e9activit\u00e9, et de nos d\u00e9lais.<\/li>\n<\/ul>\n\n\n\n<p><strong>ISOMECA<\/strong> s\u2019est engag\u00e9e dans la mise en place d\u2019outils n\u00e9cessaires et adapt\u00e9s, en vue de garantir des produits de qualit\u00e9 et des services associ\u00e9s efficaces.<\/p>\n\n\n\n<p>La satisfaction du client pour la prosp\u00e9rit\u00e9 de l\u2019entreprise, tel est l\u2019objectif affich\u00e9 et vers lequel toutes nos actions convergent.<\/p>\n\n\n\n<p>L\u2019implication de nos \u00e9quipes se fonde sur une sensibilisation permanente \u00e0 la culture qualit\u00e9, sur des actions de formation, et sur la communication entre les acteurs de la soci\u00e9t\u00e9.<\/p>\n\n\n\n<p><strong>ISOMECA<\/strong> s\u2019est engag\u00e9e \u00e0 appliquer une politique qualit\u00e9 dont l\u2019objectif est&nbsp;:<\/p>\n\n\n\n<p class=\"has-text-align-center\"><strong>\u00ab&nbsp;La garantie et le respect de la qualit\u00e9 de nos produits&nbsp;\u00bb<\/strong><\/p>\n\n\n<div class=\"wp-block-image\">\n<figure class=\"aligncenter size-full is-resized\"><a href=\"https:\/\/isomeca72.fr\/wp-content\/uploads\/2026\/02\/Certificat-002.pdf\" target=\"_blank\" rel=\" noreferrer noopener\"><img loading=\"lazy\" decoding=\"async\" width=\"467\" height=\"595\" src=\"https:\/\/isomeca72.fr\/wp-content\/uploads\/2026\/02\/9001.jpg\" alt=\"\" class=\"wp-image-263\" style=\"width:162px;height:auto\" srcset=\"https:\/\/isomeca72.fr\/wp-content\/uploads\/2026\/02\/9001.jpg 467w, https:\/\/isomeca72.fr\/wp-content\/uploads\/2026\/02\/9001-235x300.jpg 235w\" sizes=\"auto, (max-width: 467px) 100vw, 467px\" \/><\/a><\/figure>\n<\/div>","protected":false},"excerpt":{"rendered":"<p>ISOMECA a toujours recherch\u00e9 la satisfaction de ses clients \u00e0 travers la qualit\u00e9 de ses produits et de ses prestations. Du fait de l\u2019\u00e9volution des march\u00e9s et des exigences, notre soci\u00e9t\u00e9 s\u2019est &nbsp;d\u00e9velopp\u00e9e de mani\u00e8re durable et constructive. Nous garantissons la satisfaction de nos clients gr\u00e2ce \u00e0 des produits et des services adapt\u00e9s \u00e0 leurs [&hellip;]<\/p>\n","protected":false},"author":1,"featured_media":0,"parent":0,"menu_order":0,"comment_status":"closed","ping_status":"closed","template":"","meta":{"_monsterinsights_skip_tracking":false,"_monsterinsights_sitenote_active":false,"_monsterinsights_sitenote_note":"","_monsterinsights_sitenote_category":0,"footnotes":""},"class_list":["post-191","page","type-page","status-publish","hentry"],"yoast_head":"<!-- This site is optimized with the Yoast SEO plugin v27.4 - https:\/\/yoast.com\/product\/yoast-seo-wordpress\/ -->\n<title>Qualit\u00e9 - isom\u00e9ca<\/title>\n<meta name=\"robots\" content=\"index, follow, max-snippet:-1, max-image-preview:large, max-video-preview:-1\" \/>\n<link rel=\"canonical\" href=\"https:\/\/isomeca72.fr\/index.php\/qualite\/\" \/>\n<meta property=\"og:locale\" content=\"fr_FR\" \/>\n<meta property=\"og:type\" content=\"article\" \/>\n<meta property=\"og:title\" content=\"Qualit\u00e9 - isom\u00e9ca\" \/>\n<meta property=\"og:description\" content=\"ISOMECA a toujours recherch\u00e9 la satisfaction de ses clients \u00e0 travers la qualit\u00e9 de ses produits et de ses prestations. Du fait de l\u2019\u00e9volution des march\u00e9s et des exigences, notre soci\u00e9t\u00e9 s\u2019est &nbsp;d\u00e9velopp\u00e9e de mani\u00e8re durable et constructive. Nous garantissons la satisfaction de nos clients gr\u00e2ce \u00e0 des produits et des services adapt\u00e9s \u00e0 leurs [&hellip;]\" \/>\n<meta property=\"og:url\" content=\"https:\/\/isomeca72.fr\/index.php\/qualite\/\" \/>\n<meta property=\"og:site_name\" content=\"isom\u00e9ca\" \/>\n<meta property=\"article:modified_time\" content=\"2026-02-03T15:20:27+00:00\" \/>\n<meta property=\"og:image\" content=\"https:\/\/isomeca72.fr\/wp-content\/uploads\/2026\/02\/9001.jpg\" \/>\n\t<meta property=\"og:image:width\" content=\"467\" \/>\n\t<meta property=\"og:image:height\" content=\"595\" \/>\n\t<meta property=\"og:image:type\" content=\"image\/jpeg\" \/>\n<meta name=\"twitter:card\" content=\"summary_large_image\" \/>\n<meta name=\"twitter:label1\" content=\"Dur\u00e9e de lecture estim\u00e9e\" \/>\n\t<meta name=\"twitter:data1\" content=\"2 minutes\" \/>\n<script type=\"application\/ld+json\" class=\"yoast-schema-graph\">{\"@context\":\"https:\\\/\\\/schema.org\",\"@graph\":[{\"@type\":\"WebPage\",\"@id\":\"https:\\\/\\\/isomeca72.fr\\\/index.php\\\/qualite\\\/\",\"url\":\"https:\\\/\\\/isomeca72.fr\\\/index.php\\\/qualite\\\/\",\"name\":\"Qualit\u00e9 - isom\u00e9ca\",\"isPartOf\":{\"@id\":\"https:\\\/\\\/isomeca72.fr\\\/#website\"},\"primaryImageOfPage\":{\"@id\":\"https:\\\/\\\/isomeca72.fr\\\/index.php\\\/qualite\\\/#primaryimage\"},\"image\":{\"@id\":\"https:\\\/\\\/isomeca72.fr\\\/index.php\\\/qualite\\\/#primaryimage\"},\"thumbnailUrl\":\"https:\\\/\\\/isomeca72.fr\\\/wp-content\\\/uploads\\\/2026\\\/02\\\/9001.jpg\",\"datePublished\":\"2022-11-07T11:41:29+00:00\",\"dateModified\":\"2026-02-03T15:20:27+00:00\",\"breadcrumb\":{\"@id\":\"https:\\\/\\\/isomeca72.fr\\\/index.php\\\/qualite\\\/#breadcrumb\"},\"inLanguage\":\"fr-FR\",\"potentialAction\":[{\"@type\":\"ReadAction\",\"target\":[\"https:\\\/\\\/isomeca72.fr\\\/index.php\\\/qualite\\\/\"]}]},{\"@type\":\"ImageObject\",\"inLanguage\":\"fr-FR\",\"@id\":\"https:\\\/\\\/isomeca72.fr\\\/index.php\\\/qualite\\\/#primaryimage\",\"url\":\"https:\\\/\\\/isomeca72.fr\\\/wp-content\\\/uploads\\\/2026\\\/02\\\/9001.jpg\",\"contentUrl\":\"https:\\\/\\\/isomeca72.fr\\\/wp-content\\\/uploads\\\/2026\\\/02\\\/9001.jpg\"},{\"@type\":\"BreadcrumbList\",\"@id\":\"https:\\\/\\\/isomeca72.fr\\\/index.php\\\/qualite\\\/#breadcrumb\",\"itemListElement\":[{\"@type\":\"ListItem\",\"position\":1,\"name\":\"Accueil\",\"item\":\"https:\\\/\\\/isomeca72.fr\\\/\"},{\"@type\":\"ListItem\",\"position\":2,\"name\":\"Qualit\u00e9\"}]},{\"@type\":\"WebSite\",\"@id\":\"https:\\\/\\\/isomeca72.fr\\\/#website\",\"url\":\"https:\\\/\\\/isomeca72.fr\\\/\",\"name\":\"isom\u00e9ca\",\"description\":\"M\u00e9canique de pr\u00e9cision\",\"publisher\":{\"@id\":\"https:\\\/\\\/isomeca72.fr\\\/#organization\"},\"potentialAction\":[{\"@type\":\"SearchAction\",\"target\":{\"@type\":\"EntryPoint\",\"urlTemplate\":\"https:\\\/\\\/isomeca72.fr\\\/?s={search_term_string}\"},\"query-input\":{\"@type\":\"PropertyValueSpecification\",\"valueRequired\":true,\"valueName\":\"search_term_string\"}}],\"inLanguage\":\"fr-FR\"},{\"@type\":\"Organization\",\"@id\":\"https:\\\/\\\/isomeca72.fr\\\/#organization\",\"name\":\"isom\u00e9ca\",\"url\":\"https:\\\/\\\/isomeca72.fr\\\/\",\"logo\":{\"@type\":\"ImageObject\",\"inLanguage\":\"fr-FR\",\"@id\":\"https:\\\/\\\/isomeca72.fr\\\/#\\\/schema\\\/logo\\\/image\\\/\",\"url\":\"https:\\\/\\\/isomeca72.fr\\\/wp-content\\\/uploads\\\/2026\\\/02\\\/Fichier-2.png\",\"contentUrl\":\"https:\\\/\\\/isomeca72.fr\\\/wp-content\\\/uploads\\\/2026\\\/02\\\/Fichier-2.png\",\"width\":831,\"height\":252,\"caption\":\"isom\u00e9ca\"},\"image\":{\"@id\":\"https:\\\/\\\/isomeca72.fr\\\/#\\\/schema\\\/logo\\\/image\\\/\"}}]}<\/script>\n<!-- \/ Yoast SEO plugin. -->","yoast_head_json":{"title":"Qualit\u00e9 - isom\u00e9ca","robots":{"index":"index","follow":"follow","max-snippet":"max-snippet:-1","max-image-preview":"max-image-preview:large","max-video-preview":"max-video-preview:-1"},"canonical":"https:\/\/isomeca72.fr\/index.php\/qualite\/","og_locale":"fr_FR","og_type":"article","og_title":"Qualit\u00e9 - isom\u00e9ca","og_description":"ISOMECA a toujours recherch\u00e9 la satisfaction de ses clients \u00e0 travers la qualit\u00e9 de ses produits et de ses prestations. Du fait de l\u2019\u00e9volution des march\u00e9s et des exigences, notre soci\u00e9t\u00e9 s\u2019est &nbsp;d\u00e9velopp\u00e9e de mani\u00e8re durable et constructive. Nous garantissons la satisfaction de nos clients gr\u00e2ce \u00e0 des produits et des services adapt\u00e9s \u00e0 leurs [&hellip;]","og_url":"https:\/\/isomeca72.fr\/index.php\/qualite\/","og_site_name":"isom\u00e9ca","article_modified_time":"2026-02-03T15:20:27+00:00","og_image":[{"width":467,"height":595,"url":"https:\/\/isomeca72.fr\/wp-content\/uploads\/2026\/02\/9001.jpg","type":"image\/jpeg"}],"twitter_card":"summary_large_image","twitter_misc":{"Dur\u00e9e de lecture estim\u00e9e":"2 minutes"},"schema":{"@context":"https:\/\/schema.org","@graph":[{"@type":"WebPage","@id":"https:\/\/isomeca72.fr\/index.php\/qualite\/","url":"https:\/\/isomeca72.fr\/index.php\/qualite\/","name":"Qualit\u00e9 - isom\u00e9ca","isPartOf":{"@id":"https:\/\/isomeca72.fr\/#website"},"primaryImageOfPage":{"@id":"https:\/\/isomeca72.fr\/index.php\/qualite\/#primaryimage"},"image":{"@id":"https:\/\/isomeca72.fr\/index.php\/qualite\/#primaryimage"},"thumbnailUrl":"https:\/\/isomeca72.fr\/wp-content\/uploads\/2026\/02\/9001.jpg","datePublished":"2022-11-07T11:41:29+00:00","dateModified":"2026-02-03T15:20:27+00:00","breadcrumb":{"@id":"https:\/\/isomeca72.fr\/index.php\/qualite\/#breadcrumb"},"inLanguage":"fr-FR","potentialAction":[{"@type":"ReadAction","target":["https:\/\/isomeca72.fr\/index.php\/qualite\/"]}]},{"@type":"ImageObject","inLanguage":"fr-FR","@id":"https:\/\/isomeca72.fr\/index.php\/qualite\/#primaryimage","url":"https:\/\/isomeca72.fr\/wp-content\/uploads\/2026\/02\/9001.jpg","contentUrl":"https:\/\/isomeca72.fr\/wp-content\/uploads\/2026\/02\/9001.jpg"},{"@type":"BreadcrumbList","@id":"https:\/\/isomeca72.fr\/index.php\/qualite\/#breadcrumb","itemListElement":[{"@type":"ListItem","position":1,"name":"Accueil","item":"https:\/\/isomeca72.fr\/"},{"@type":"ListItem","position":2,"name":"Qualit\u00e9"}]},{"@type":"WebSite","@id":"https:\/\/isomeca72.fr\/#website","url":"https:\/\/isomeca72.fr\/","name":"isom\u00e9ca","description":"M\u00e9canique de pr\u00e9cision","publisher":{"@id":"https:\/\/isomeca72.fr\/#organization"},"potentialAction":[{"@type":"SearchAction","target":{"@type":"EntryPoint","urlTemplate":"https:\/\/isomeca72.fr\/?s={search_term_string}"},"query-input":{"@type":"PropertyValueSpecification","valueRequired":true,"valueName":"search_term_string"}}],"inLanguage":"fr-FR"},{"@type":"Organization","@id":"https:\/\/isomeca72.fr\/#organization","name":"isom\u00e9ca","url":"https:\/\/isomeca72.fr\/","logo":{"@type":"ImageObject","inLanguage":"fr-FR","@id":"https:\/\/isomeca72.fr\/#\/schema\/logo\/image\/","url":"https:\/\/isomeca72.fr\/wp-content\/uploads\/2026\/02\/Fichier-2.png","contentUrl":"https:\/\/isomeca72.fr\/wp-content\/uploads\/2026\/02\/Fichier-2.png","width":831,"height":252,"caption":"isom\u00e9ca"},"image":{"@id":"https:\/\/isomeca72.fr\/#\/schema\/logo\/image\/"}}]}},"_links":{"self":[{"href":"https:\/\/isomeca72.fr\/index.php\/wp-json\/wp\/v2\/pages\/191","targetHints":{"allow":["GET"]}}],"collection":[{"href":"https:\/\/isomeca72.fr\/index.php\/wp-json\/wp\/v2\/pages"}],"about":[{"href":"https:\/\/isomeca72.fr\/index.php\/wp-json\/wp\/v2\/types\/page"}],"author":[{"embeddable":true,"href":"https:\/\/isomeca72.fr\/index.php\/wp-json\/wp\/v2\/users\/1"}],"replies":[{"embeddable":true,"href":"https:\/\/isomeca72.fr\/index.php\/wp-json\/wp\/v2\/comments?post=191"}],"version-history":[{"count":3,"href":"https:\/\/isomeca72.fr\/index.php\/wp-json\/wp\/v2\/pages\/191\/revisions"}],"predecessor-version":[{"id":266,"href":"https:\/\/isomeca72.fr\/index.php\/wp-json\/wp\/v2\/pages\/191\/revisions\/266"}],"wp:attachment":[{"href":"https:\/\/isomeca72.fr\/index.php\/wp-json\/wp\/v2\/media?parent=191"}],"curies":[{"name":"wp","href":"https:\/\/api.w.org\/{rel}","templated":true}]}}